{"id":600,"date":"2014-12-18T22:45:57","date_gmt":"2014-12-18T22:45:57","guid":{"rendered":"http:\/\/www.amaliachueca.com\/?page_id=600"},"modified":"2020-11-18T21:53:56","modified_gmt":"2020-11-18T21:53:56","slug":"john-ehlis-ensemble","status":"publish","type":"page","link":"http:\/\/www.amaliachueca.com\/?page_id=600","title":{"rendered":"John Ehlis Ensemble"},"content":{"rendered":"<p><strong><span style=\"color: #003366;\">JOHN EHLIS QUARTET<\/span><\/strong><\/p>\n<p><a href=\"http:\/\/www.amaliachueca.com\/wp-content\/uploads\/quartet-1.jpg\"><img loading=\"lazy\" decoding=\"async\" class=\"aligncenter\" title=\"quartet-1\" src=\"http:\/\/www.amaliachueca.com\/wp-content\/uploads\/quartet-1-300x165.jpg\" alt=\"\" width=\"300\" height=\"165\" \/><\/a><\/p>\n<p style=\"text-align: center;\"><span style=\"color: #800000;\">Eloisa Manera (violin)<\/span><\/p>\n<p style=\"text-align: center;\"><span style=\"color: #800000;\">Amalia Lopez Chueca (cello)<\/span><\/p>\n<p style=\"text-align: center;\"><span style=\"color: #800000;\">John Ehlis (guitar\/mandolin)<\/span><\/p>\n<p style=\"text-align: center;\"><span style=\"color: #800000;\">Chris White III (percussion)<\/span><\/p>\n<p><strong><span style=\"color: #000080;\">Estos curiosos artistas poseen una facilidad natural tocando juntos. Viajando en terrenos originales, forman un grupo que producen una considerable impresi\u00f3n.Unidos por un amplio abanico de intereses, estos esp\u00edritus amables crean un sonido fresco sin imitaciones. Es electrizante, la instrumentaci\u00f3n es \u00fanica, rica y plena, y la m\u00fasica va desde simples melod\u00edas a las \u00e1reas de sonido de los instrumentos menos definidas. La orquesta de las sesiones en el Stone de Karl Berger en el verano del 2011 aportaron un terreno de conocimiento para muchos m\u00fasicos, incluyendo\u00a0a Manera, Chueca y Ehlis. Este cuarteto\u00a0surgi\u00f3 de los conciertos \/sesiones de m\u00fasica del Stone y en otros sitios ese verano y durante el verano del 2012.<\/span><\/strong><\/p>\n<p><strong><span style=\"color: #000080;\">Asentada en Mil\u00e1n, Italia, la violinista\u00a0Eloisa Manera, aparece en una \u00e1mplia variedad de acontecimientos musicales. De herencia italiana y espa\u00f1ola, esta siempre expandiendo sus talento para ganar en dominio de una variedad de estilos, culturas y disciplinas, tanto en formatos tradicionales como modernos. Este resurgir de su esp\u00edritu creativo ha ocurrido en a\u00f1os reciente y es un resultado directo de su b\u00fasqueda y descubrimientos\u00a0 en la improvisaci\u00f3n, sobre todo en el idioma jazz\u00edstico.<\/span><\/strong><\/p>\n<p><strong><span style=\"color: #000080;\">La chelista Amalia Chueca, de Granada, Espa\u00f1a, ha tocado con varias orquestas y cuartetos cl\u00e1sicos a trav\u00e9s de Espa\u00f1a y Europa. Igualmente versada en m\u00fasica cl\u00e1sica e improvisada, ha interpretado en Europa en numerosas actuaciones. Es un miembro de la Dubidubi Band dirigida por el saxofonista Paul Stocker y del tr\u00edo de Jazz \u00abSense of Values\u00bb junto al pianista Jos\u00e9 Ignacio Hern\u00e1ndez, el contrabajista Miguel \u00c1ngel Pimentel y el bater\u00eda Julio P\u00e9rez. Su estilo es definido por la fusi\u00f3n del Flamenco y las traciones de Jazz y latinas.<\/span><\/strong><\/p>\n<p><strong><span style=\"color: #000080;\">John Ehlis\u00a0es un guitarrista, multi-instrumentista, compositor y lider de la formaci\u00f3n de John Ehlis. Originario de California pero residente actualmente en la costa Este, el trae la profundidad de esp\u00edritu a sus empresas musicales con composiciones originales atrayentes y\u00a0de gran inventiva.<\/span><\/strong><\/p>\n<p><strong><span style=\"color: #000080;\">Desde la grandiosa\u00a0ciudad de Nueva York,\u00a0Chris White III\u00a0es un percusionista,\u00a0bailar\u00edn, profesor, artista y m\u00fasico de danza moderna, que ha interpretado con Q-Tip\u00a0( A Tribe Called Quest), Yasiin Bey aka Mos Def, el bailar\u00edn de tap d Maurice Chesnut, e percusionista Rudy Walker y su padre, el bajista Chris White. El aparece en la grabaci\u00f3n \u00a8Jungli\u00a8de Tasneem Nanji, \u00a8The War in Me\u00a8<\/span><\/strong><\/p>\n<p><strong><span style=\"color: #000080;\">These curious artists possess a natural ease of playing together.\u00a0 Travelling in the fields of originality, they form a group which makes a remarkable impression.<\/span><\/strong><\/p>\n<p><strong><span style=\"color: #000080;\">Joined together by wide range of interests, these kindred spirits create a fresh sound without mimicking styles. This group is electrifying, the instrumentation is unique, rich and full, and the music ranges from simple melodies to the less charted sonic areas of the instruments.<\/span><\/strong><\/p>\n<p><strong><span style=\"color: #000080;\">Karl Berger\u2019s Stone Workshop Orchestra in the summer of 2011 provided a meeting ground for many musicians, including Manera, Chueca and Ehlis.\u00a0 This Quartet grew out of the music sessions\/concerts held at the Stone and elsewhere that summer and during the summer of 2012.<\/span><\/strong><\/p>\n<p><strong><span style=\"color: #000080;\">Based in Milan, Italy, violinist\u00a0Eloisa Manera, appears in a wide array of musical environments.\u00a0 Of Italian and Spanish heritage, she is ever expanding her talents to gain command of a variety of styles, cultures and disciplines, both in traditional and modern formats.\u00a0 This blossoming of her creative spirit has occurred in recent years and is a direct result of her pursuit and discoveries in improvisation, primarily within the jazz idiom.<\/span><\/strong><\/p>\n<p><strong><span style=\"color: #000080;\">Cellist\u00a0Amalia Chueca,\u00a0from Granada, Spain, has played with several classical orchestras and quartets throughout Spain and Europe.\u00a0 Equally versed in both classical and improvised music, she has performed across Europe in numerous settings.\u00a0 She is a member of saxophonist Paul Stockers\u2019 \u201cDubidubi Band\u201d and the jazz trio, \u201cSense of Values\u201d along with pianist Jos\u00e9 Ignacio Hern\u00e1ndez, bassist Miguel \u00c1ngel Pimentel and percussionist Julio P\u00e9rez .\u00a0 Her style is defined by the merging of Flamenco, Latin and Jazz traditions.<\/span><\/strong><\/p>\n<p><strong><span style=\"color: #000080;\">John Ehlis\u00a0is a guitarist, multi-instrumentalist, composer and leader of the John Ehlis Ensemble.\u00a0 Originally from California, but currently on the East Coast, he brings a depth of spirit to his musical endeavors with original compositions that are both appealing and inventive.<\/span><\/strong><\/p>\n<p><strong><span style=\"color: #000080;\">From the greater New York City region,\u00a0Chris White III\u00a0is a percussionist, dancer, teacher, artist, and modern dance musician, who has performed with Q-Tip (A Tribe Called Quest), Yasiin Bey aka Mos Def, tap dancer Maurice Chestnut, drummer Rudy Walker and his father, bassist Chris White.\u00a0 He appears on Tasneem Nanji\u2019s \u201cJungli\u201d EP recording, \u201cThe War In Me\u201d.<\/span><\/strong><\/p>\n","protected":false},"excerpt":{"rendered":"<p>JOHN EHLIS QUARTET Eloisa Manera (violin) Amalia Lopez Chueca (cello) John Ehlis (guitar\/mandolin) Chris White III (percussion) Estos curiosos artistas poseen una facilidad natural tocando juntos. Viajando en terrenos originales, forman un grupo que producen una considerable impresi\u00f3n.Unidos por un &hellip; <a href=\"http:\/\/www.amaliachueca.com\/?page_id=600\">Sigue leyendo <span class=\"meta-nav\">&rarr;<\/span><\/a><\/p>\n","protected":false},"author":1,"featured_media":0,"parent":0,"menu_order":0,"comment_status":"closed","ping_status":"closed","template":"","meta":{"footnotes":""},"_links":{"self":[{"href":"http:\/\/www.amaliachueca.com\/index.php?rest_route=\/wp\/v2\/pages\/600"}],"collection":[{"href":"http:\/\/www.amaliachueca.com\/index.php?rest_route=\/wp\/v2\/pages"}],"about":[{"href":"http:\/\/www.amaliachueca.com\/index.php?rest_route=\/wp\/v2\/types\/page"}],"author":[{"embeddable":true,"href":"http:\/\/www.amaliachueca.com\/index.php?rest_route=\/wp\/v2\/users\/1"}],"replies":[{"embeddable":true,"href":"http:\/\/www.amaliachueca.com\/index.php?rest_route=%2Fwp%2Fv2%2Fcomments&post=600"}],"version-history":[{"count":8,"href":"http:\/\/www.amaliachueca.com\/index.php?rest_route=\/wp\/v2\/pages\/600\/revisions"}],"predecessor-version":[{"id":1145,"href":"http:\/\/www.amaliachueca.com\/index.php?rest_route=\/wp\/v2\/pages\/600\/revisions\/1145"}],"wp:attachment":[{"href":"http:\/\/www.amaliachueca.com\/index.php?rest_route=%2Fwp%2Fv2%2Fmedia&parent=600"}],"curies":[{"name":"wp","href":"https:\/\/api.w.org\/{rel}","templated":true}]}}