{"id":22,"date":"2012-07-12T12:43:41","date_gmt":"2012-07-12T12:43:41","guid":{"rendered":"http:\/\/www.amaliachueca.com\/?page_id=22"},"modified":"2022-05-04T18:06:24","modified_gmt":"2022-05-04T18:06:24","slug":"audio-video","status":"publish","type":"page","link":"http:\/\/www.amaliachueca.com\/?page_id=22","title":{"rendered":"Audio-Video"},"content":{"rendered":"\n<figure class=\"wp-block-video\"><video controls src=\"http:\/\/www.amaliachueca.com\/wp-content\/uploads\/PROMO-COMPRIMIDA.m4v\"><\/video><\/figure>\n\n\n\n<h3 class=\"wp-block-heading\"><strong>SENSE OF VALUES QUARTET: BREVE PASEO POR LA HISTORIA DEL JAZZ. PROMO DE AMALIA CHUECA EN VIMEO<\/strong><\/h3>\n\n\n\n<p><strong>SENSE OF VALUES QUARTET. \u00a0BREVE PASEO POR LA HISTORIA DEL JAZZ <\/strong>Caja Rural Center. Granada. 2022.<\/p>\n\n\n\n<p><\/p>\n\n\n<p><strong><span style=\"color: #ff0000;\"><iframe loading=\"lazy\" src=\"https:\/\/player.vimeo.com\/video\/316009193?color=1f83ab&amp;title=0&amp;byline=0&amp;portrait=0\" width=\"640\" height=\"267\" frameborder=\"0\"><\/iframe><\/span><\/strong><\/p>\n<h3><strong>SENSE OF VALUES WITH JOHN EHLIS: WHERE THE RIVERS MEET. PROMO DE NACHO CHUECA EN VIMEO<\/strong><\/h3>\n<p><strong>SENSE OF VALUES QUARTET. \u00a0<span style=\"color: #800000;\">DECONSTRUCTING LIGHT.\u00a0<\/span><\/strong><span style=\"color: #ff6600;\">Fex Caja Rural Center. Granada. <\/span>2016.<\/p>\n<p><iframe loading=\"lazy\" title=\"SENSE OF VALUES QUARTET_ DECONSTRUYENDO LA LUZ (Festival Extensi\u00f3n FEX. Granada, 30 Junio de 2016)\" width=\"640\" height=\"360\" src=\"https:\/\/www.youtube.com\/embed\/y-HP7EtAyHo?feature=oembed\" frameborder=\"0\" allow=\"accelerometer; autoplay; clipboard-write; encrypted-media; gyroscope; picture-in-picture\" allowfullscreen><\/iframe><\/p>\n<p><span style=\"color: #000000;\"><strong>SENSE OF VALUES QUARTET. <span style=\"color: #800000;\">DECONSTRUYENDO LA LUZ.\u00a0<\/span><\/strong><\/span><strong><span style=\"color: #800000;\">PROMO<\/span><span style=\"color: #800000;\">. <\/span><\/strong><span style=\"color: #ff6600;\">2016.<\/span><\/p>\n<p><strong>SENSE OF VALUES QUARTET.\u00a0<span style=\"color: #800000;\">DECONSTRUCTING LIGHT.\u00a0<\/span><span style=\"color: #800000;\">PROMO.\u00a0<\/span><\/strong><span style=\"color: #ff6600;\">2016.<\/span><\/p>\n<p><iframe loading=\"lazy\" title=\"SENSE OF VALUES_ DECONSTRUYENDO LA LUZ 2016\" width=\"640\" height=\"360\" src=\"https:\/\/www.youtube.com\/embed\/SWHXzRIZAis?feature=oembed\" frameborder=\"0\" allow=\"accelerometer; autoplay; clipboard-write; encrypted-media; gyroscope; picture-in-picture\" allowfullscreen><\/iframe><\/p>\n<p><span style=\"color: #800000;\"><strong><span style=\"color: #000000;\">SENSE OF VALUES QUARTET.<\/span><\/strong> <\/span><strong><span style=\"color: #800000;\">ATMOSPHERE. PROMO.<\/span><\/strong><span style=\"color: #800000;\">Espa\u00f1ol. <span style=\"color: #ff0000;\">2013.<\/span><\/span><\/p>\n<p><strong>SENSE OF VALUES QUARTET.<\/strong>\u00a0<strong><span style=\"color: #800000;\">ATMOSPHERE. PROMO.<\/span><\/strong><span style=\"color: #800000;\">Spanish.<\/span>\u00a0<span style=\"color: #ff6600;\">2013.<\/span><\/p>\n<p><strong><iframe loading=\"lazy\" src=\"\/\/www.youtube.com\/embed\/u_zlHT92zWc\" width=\"560\" height=\"315\" frameborder=\"0\"><\/iframe><\/strong><\/p>\n<p><span style=\"color: #800000;\"><strong><span style=\"color: #000000;\">SENSE OF VALUES QUARTET.<\/span><\/strong> <\/span><strong><span style=\"color: #800000;\">ATMOSPHERE. PROMO<\/span><\/strong><span style=\"color: #800000;\">.Ingl\u00e9s.<span style=\"color: #ff6600;\">2013.<\/span><\/span><\/p>\n<p><strong>SENSE OF VALUES QUARTET.<\/strong>\u00a0<strong><span style=\"color: #800000;\">ATMOSPHERE.PROMO.<\/span><\/strong><span style=\"color: #800000;\">English.<\/span><span style=\"color: #ff6600;\">2013.<\/span><\/p>\n<p><iframe loading=\"lazy\" src=\"\/\/www.youtube.com\/embed\/-9Sj4s0Trt0\" width=\"560\" height=\"315\" frameborder=\"0\"><\/iframe><\/p>\n<p><span style=\"color: #000000;\"><strong><strong>Con JOHN EHLIS QUARTET+JOSE IGNACIO HERNANDEZ. <span style=\"color: #800000;\">LAND CARVINGS.<\/span>\u00a0<span style=\"color: #800000;\">PROMO GIRA ESPA\u00d1A.\u00a0<\/span><\/strong><\/strong><span style=\"color: #800000;\"><span style=\"color: #ff6600;\">2015.<\/span><\/span><span style=\"color: #ff6600;\">\u00a0<\/span><\/span><\/p>\n<p><span style=\"color: #000000;\"><strong><strong>With JOHN EHLIS QUARTET+JOSE IGNACIO HERNANDEZ.\u00a0<\/strong><\/strong><\/span><span style=\"color: #000000;\"><strong><span style=\"color: #800000;\">LAND CARVINGS.PROMO SPAIN TOUR.<\/span><\/strong><span style=\"color: #ff6600;\">2015.<\/span><\/span><\/p>\n<p><iframe loading=\"lazy\" src=\"https:\/\/www.youtube.com\/embed\/2MWIjySMELk\" width=\"650\" height=\"400\" frameborder=\"10\"><\/iframe><\/p>\n<p><span style=\"color: #000000;\"><strong>CON LA ORQUESTA DE KARL BERGER <span style=\"color: #800000;\">EN EL STONE (NUEVA YORK).<\/span> <\/strong><span style=\"color: #ff6600;\">2011.<\/span><\/span><\/p>\n<p><strong><span style=\"color: #000000;\">WITH KARL BERGER\u00b4S WORKSHOP ORCHESTRA<\/span> <span style=\"color: #800000;\">AT THE STONE (NYC).<\/span><\/strong><span style=\"color: #ff6600;\">2011.<\/span><\/p>\n<p><iframe loading=\"lazy\" title=\"Karl Berger&#039;s Stone Workshop Orchestra - at The Stone, NYC - Aug 8 2011\" width=\"640\" height=\"360\" src=\"https:\/\/www.youtube.com\/embed\/qqCqgAnF-jo?feature=oembed\" frameborder=\"0\" allow=\"accelerometer; autoplay; clipboard-write; encrypted-media; gyroscope; picture-in-picture\" allowfullscreen><\/iframe><\/p>\n<p><span style=\"color: #800000;\"><strong>SENSE OF VALUES TRIO.<\/strong><\/span><strong><span style=\"color: #800000;\"> PROMO. <\/span><\/strong><span style=\"color: #800000;\"><span style=\"color: #ff6600;\">2012.<\/span><\/span><\/p>\n<p><iframe loading=\"lazy\" src=\"\/\/www.youtube.com\/embed\/ID5vzQT8xWI\" width=\"560\" height=\"315\" frameborder=\"0\"><\/iframe><\/p>\n<p><span style=\"color: #000000;\">AMALIA CHUECA D\u00daO.<\/span> PROMO. Espa\u00f1ol.<span style=\"color: #800000;\"><span style=\"color: #ff6600;\">2011.<\/span><\/span><\/p>\n<p><strong><span style=\"color: #000000;\">AMALIA CHUECA DUET.<\/span>\u00a0<span style=\"color: #800000;\">PROMO.\u00a0<\/span><\/strong><span style=\"color: #800000;\">Spanish.<\/span><span style=\"color: #ff6600;\">2011.<\/span><\/p>\n<p><span style=\"color: #800000;\"><strong> <iframe loading=\"lazy\" src=\"\/\/www.youtube.com\/embed\/VPzeuFMtdkk\" width=\"560\" height=\"315\" frameborder=\"0\"><\/iframe><\/strong><\/span><\/p>\n<p><strong><span style=\"color: #000000;\">AMALIA CHUECA DUO.<\/span><\/strong> <strong><span style=\"color: #800000;\">PROMO.<\/span><\/strong><span style=\"color: #800000;\">Ingl\u00e9s. <span style=\"color: #ff6600;\">2011.<\/span><\/span><\/p>\n<p><strong>AMALIA CHUECA DUO.<\/strong>\u00a0<strong><span style=\"color: #800000;\">PROMO.<\/span> <\/strong>English. <span style=\"color: #ff6600;\">2011.<\/span><\/p>\n<p><iframe loading=\"lazy\" src=\"\/\/www.youtube.com\/embed\/RRhlFFa4-lo\" width=\"560\" height=\"315\" frameborder=\"0\"><\/iframe><\/p>\n<p>JOHN EHLIS QUARTET EN ACUSTICO.<span style=\"color: #800000;\">\u00a0IMPROVISACION ABIERTA.<\/span> <span style=\"color: #ff6600;\">2013.<\/span><\/p>\n<p>JOHN EHLIS QUARTET UNPLUGGED. <span style=\"color: #800000;\">OPENING IMPROVISATION.<\/span> <span style=\"color: #ff6600;\">2013.<\/span><\/p>\n<p><iframe loading=\"lazy\" src=\"\/\/www.youtube.com\/embed\/FX2wPCahDzs?list=PLdaKU1h2OZPE7E0-rfixQK33FX2IxWdiW\" width=\"560\" height=\"315\" frameborder=\"0\"><\/iframe><\/p>\n<p>JOHN EHLIS QUARTET EN ACUSTICO.<span style=\"color: #800000;\"> CLOUDS IN A FORGOTTEN SKY.<\/span> <span style=\"color: #ff6600;\">2013.\u00a0<\/span><\/p>\n<p>JOHN EHLIS QUARTET UNPLUGGED. <span style=\"color: #800000;\">CLOUDS IN A FORGOTTEN SKY.<\/span> <span style=\"color: #ff6600;\">2013.\u00a0<\/span><\/p>\n<p><iframe loading=\"lazy\" src=\"\/\/www.youtube.com\/embed\/HCwfcAMVvh4?list=PLdaKU1h2OZPE7E0-rfixQK33FX2IxWdiW\" width=\"560\" height=\"315\" frameborder=\"0\"><\/iframe><\/p>\n<p><strong><span style=\"color: #000000;\">MUSICA COMPUESTA E INTERPRETADA POR AMALIA CHUECA Y MEZCLADA POR IGNACIO CHUECA SOBRE IMAGENES REALIZADAS POR NURIA FONT Y CON COREOGRAFIA DE ANGELS MARGARIT.<\/span> <span style=\"color: #800000;\">AGUA. <\/span><\/strong><span style=\"color: #800000;\"><span style=\"color: #ff6600;\">2000.<\/span><\/span><\/p>\n<p><strong><span style=\"color: #000000;\">MUSIC COMPOSED AND PLAYED BY AMALIA CHUECA. ARRANGED BY IGNACIO CHUECA. IMAGES BY NURIA FONT AND CHOREOGRAPHY FROM ANGELS MARGARIT.<\/span> <span style=\"color: #800000;\">WATER.<\/span><\/strong>\u00a0<span style=\"color: #ff6600;\">2000.<\/span><\/p>\n<p><iframe loading=\"lazy\" src=\"\/\/www.youtube.com\/embed\/dm3gO3RN7TU\" width=\"560\" height=\"315\" frameborder=\"0\"><\/iframe><\/p>\n<p><strong><span style=\"color: #000000;\">SESION DE GRABACION DE AMALIA CHUECA COMO SECCION DE CUERDAS CON AMAPOLA DRY.<\/span> <span style=\"color: #800000;\">SOMBRAS (NUEVA YORK).<\/span> <\/strong><span style=\"color: #ff6600;\">2014.<\/span><\/p>\n<p><strong><span style=\"color: #000000;\">RECORDING SESSION. AMALIA CHUECA WITH THE AMAPOLA DRY STRING QUARTET.<\/span> <span style=\"color: #800000;\">SHADOWS (NEW YORK). <\/span><\/strong><span style=\"color: #800000;\"><span style=\"color: #ff6600;\">2014.<\/span><\/span><\/p>\n<p><iframe loading=\"lazy\" src=\"\/\/www.youtube.com\/embed\/0vYPfNS5b5c\" width=\"560\" height=\"315\" frameborder=\"0\"><\/iframe><\/p>\n<p><strong><span style=\"color: #000000;\">CON DUBIDUBIBAND.<\/span> <span style=\"color: #800000;\">JUAN\u00b4S KWELA. SALA\u00a0DE CONCIERTO DEL CENTRO CULTURAL DE LA CAJA DE AHORROS DE GRANADA. <\/span><\/strong><\/p>\n<p><strong>WITH DUBIDUBIBAND.\u00a0<span style=\"color: #800000;\">JUAN\u00b4S KWELA. CULTURAL CENTER CAJA DE AHORROS. GRANADA.<\/span>\u00a0<\/strong><span style=\"color: #ff6600;\">2013.<\/span><\/p>\n<p><iframe loading=\"lazy\" src=\"\/\/www.youtube.com\/embed\/cNcNFr04SMk\" width=\"420\" height=\"315\" frameborder=\"0\"><\/iframe><\/p>\n[audio:https:\/\/dl.dropbox.com\/u\/53018818\/Jump%20Monk.mp3|titles=Jump Monk]\n<p><strong>AUDIO<\/strong><\/p>\n<p><strong><span style=\"color: #339966;\">ENTREVISTA\u00a0EN \u00abBULEVAR DEL JAZZ\u00bb\u00a0SENSE OF VALUES QUARTET (24 de Junio 2013)<\/span><\/strong><\/p>\n<p>Francisco Javier Dom\u00ednguez realiza una entrevista a SOV Quartet en su programa del 24 de Junio BULEVAR DEL JAZZ en Canal Sur, comentando su nuevo disco \u00abAtmosphere\u00bb.<\/p>\n<p><strong><span style=\"color: #000000;\">SOV http:\/\/alacarta.canalsur.es\/radio\/programa\/bulevar-del-jazz\/247<\/span><\/strong><\/p>\n<p><strong><span style=\"color: #339966;\">ENTREVISTA\u00a0EN \u00abDISCOPOLIS\u00bb\u00a0SENSE OF VALUES QUARTET\u00a0(23 de Abril 2013)<\/span><\/strong><\/p>\n<p>Jos\u00e9\u00a0Miguel L\u00f3pez comenta y repasa temas de SENSE OF VALUES QUARTET en su programa DISC\u00d3POLIS N\u00famero\u00a08259 \u00abRitmos africanos\u00bb (23-04-13) a prop\u00f3sito de su nuevo disco \u00abAtmosphere\u00bb.<\/p>\n<p><strong>http:\/\/www.rtve.es\/alacarta\/audios\/discopolis\/discopolis-8259-ritmos-etnicos-novedades-23-04-13\/1782358\/<\/strong><\/p>","protected":false},"excerpt":{"rendered":"<p>SENSE OF VALUES QUARTET: BREVE PASEO POR LA HISTORIA DEL JAZZ. PROMO DE AMALIA CHUECA EN VIMEO SENSE OF VALUES QUARTET. \u00a0BREVE PASEO POR LA HISTORIA DEL JAZZ Caja Rural Center. Granada. 2022. SENSE OF VALUES WITH JOHN EHLIS: WHERE &hellip; <a href=\"http:\/\/www.amaliachueca.com\/?page_id=22\">Sigue leyendo <span class=\"meta-nav\">&rarr;<\/span><\/a><\/p>\n","protected":false},"author":1,"featured_media":0,"parent":0,"menu_order":0,"comment_status":"closed","ping_status":"closed","template":"","meta":{"footnotes":""},"_links":{"self":[{"href":"http:\/\/www.amaliachueca.com\/index.php?rest_route=\/wp\/v2\/pages\/22"}],"collection":[{"href":"http:\/\/www.amaliachueca.com\/index.php?rest_route=\/wp\/v2\/pages"}],"about":[{"href":"http:\/\/www.amaliachueca.com\/index.php?rest_route=\/wp\/v2\/types\/page"}],"author":[{"embeddable":true,"href":"http:\/\/www.amaliachueca.com\/index.php?rest_route=\/wp\/v2\/users\/1"}],"replies":[{"embeddable":true,"href":"http:\/\/www.amaliachueca.com\/index.php?rest_route=%2Fwp%2Fv2%2Fcomments&post=22"}],"version-history":[{"count":138,"href":"http:\/\/www.amaliachueca.com\/index.php?rest_route=\/wp\/v2\/pages\/22\/revisions"}],"predecessor-version":[{"id":1354,"href":"http:\/\/www.amaliachueca.com\/index.php?rest_route=\/wp\/v2\/pages\/22\/revisions\/1354"}],"wp:attachment":[{"href":"http:\/\/www.amaliachueca.com\/index.php?rest_route=%2Fwp%2Fv2%2Fmedia&parent=22"}],"curies":[{"name":"wp","href":"https:\/\/api.w.org\/{rel}","templated":true}]}}